{"id":2643,"date":"2019-04-03T19:02:17","date_gmt":"2019-04-03T17:02:17","guid":{"rendered":"https:\/\/invictus-travel.com\/site\/?page_id=2643"},"modified":"2024-04-25T09:20:18","modified_gmt":"2024-04-25T07:20:18","slug":"temoignages","status":"publish","type":"page","link":"https:\/\/invictus-travel.com\/site\/temoignages\/","title":{"rendered":"T\u00e9moignages"},"content":{"rendered":"<p>[et_pb_section fb_built=\u00a0\u00bb1&Prime; next_background_color=\u00a0\u00bb#ffffff\u00a0\u00bb disabled_on=\u00a0\u00bboff|off|off\u00a0\u00bb admin_label=\u00a0\u00bbvideo\u00a0\u00bb _builder_version=\u00a0\u00bb4.23.4&Prime; _module_preset=\u00a0\u00bbdefault\u00a0\u00bb background_color=\u00a0\u00bbRGBA(255,255,255,0)\u00a0\u00bb use_background_color_gradient=\u00a0\u00bbon\u00a0\u00bb background_color_gradient_stops=\u00a0\u00bbrgba(255,255,255,0) 0%|rgba(255,255,255,0) 100%\u00a0\u00bb background_color_gradient_overlays_image=\u00a0\u00bbon\u00a0\u00bb background_video_mp4=\u00a0\u00bbhttps:\/\/invictus-travel.com\/videos\/background-homepage.mp4&Prime; background_video_webm=\u00a0\u00bbhttps:\/\/invictus-travel.com\/videos\/background-homepage.mp4&Prime; background_enable_pattern_style=\u00a0\u00bbon\u00a0\u00bb background_pattern_style=\u00a0\u00bbsquares\u00a0\u00bb background_pattern_color=\u00a0\u00bb#0C71C3&Prime; background_pattern_repeat_origin=\u00a0\u00bbtop_center\u00a0\u00bb background_pattern_blend_mode=\u00a0\u00bbsoft-light\u00a0\u00bb bottom_divider_style=\u00a0\u00bbcurve2&Prime; animation_style=\u00a0\u00bbfade\u00a0\u00bb hover_enabled=\u00a0\u00bb0&Prime; global_colors_info=\u00a0\u00bb{}\u00a0\u00bb bottom_divider_height=\u00a0\u00bb45px\u00a0\u00bb sticky_enabled=\u00a0\u00bb0&Prime;][et_pb_row _builder_version=\u00a0\u00bb4.24.0&Prime; _module_preset=\u00a0\u00bbdefault\u00a0\u00bb background_color=\u00a0\u00bbRGBA(255,255,255,0)\u00a0\u00bb custom_padding=\u00a0\u00bb50px||50px||true|false\u00a0\u00bb global_colors_info=\u00a0\u00bb{}\u00a0\u00bb][et_pb_column type=\u00a0\u00bb4_4&Prime; _builder_version=\u00a0\u00bb4.24.0&Prime; _module_preset=\u00a0\u00bbdefault\u00a0\u00bb global_colors_info=\u00a0\u00bb{}\u00a0\u00bb][et_pb_text admin_label=\u00a0\u00bbTexte\u00a0\u00bb _builder_version=\u00a0\u00bb4.23.4&Prime; text_font=\u00a0\u00bbOpen Sans|800|||||||\u00a0\u00bb text_text_color=\u00a0\u00bbrgba(255,255,255,0.82)\u00a0\u00bb text_font_size=\u00a0\u00bb60px\u00a0\u00bb text_letter_spacing=\u00a0\u00bb-3px\u00a0\u00bb text_line_height=\u00a0\u00bb1.2em\u00a0\u00bb header_font=\u00a0\u00bbOpen Sans Condensed||||\u00a0\u00bb background_color=\u00a0\u00bbRGBA(255,255,255,0)\u00a0\u00bb background_size=\u00a0\u00bbinitial\u00a0\u00bb background_position=\u00a0\u00bbtop_left\u00a0\u00bb background_repeat=\u00a0\u00bbrepeat\u00a0\u00bb custom_padding=\u00a0\u00bb||||false|false\u00a0\u00bb custom_padding_last_edited=\u00a0\u00bboff|desktop\u00a0\u00bb text_font_size_tablet=\u00a0\u00bb50px\u00a0\u00bb text_font_size_phone=\u00a0\u00bb30px\u00a0\u00bb text_font_size_last_edited=\u00a0\u00bbon|phone\u00a0\u00bb use_border_color=\u00a0\u00bboff\u00a0\u00bb global_colors_info=\u00a0\u00bb{}\u00a0\u00bb]<\/p>\n<p style=\"text-align: center;\">INVICTUS CORPORATE TRAVEL<br \/>Depuis plus de 20 ans,<br \/>nous travaillons pour la r\u00e9ussite<br \/>de vos voyages !<\/p>\n<p>[\/et_pb_text][\/et_pb_column][\/et_pb_row][\/et_pb_section][et_pb_section fb_built=\u00a0\u00bb1&Prime; admin_label=\u00a0\u00bbsection\u00a0\u00bb _builder_version=\u00a0\u00bb4.16&Prime; global_colors_info=\u00a0\u00bb{}\u00a0\u00bb][et_pb_row admin_label=\u00a0\u00bbLigne\u00a0\u00bb _builder_version=\u00a0\u00bb4.16&Prime; background_size=\u00a0\u00bbinitial\u00a0\u00bb background_position=\u00a0\u00bbtop_left\u00a0\u00bb background_repeat=\u00a0\u00bbrepeat\u00a0\u00bb global_colors_info=\u00a0\u00bb{}\u00a0\u00bb][et_pb_column type=\u00a0\u00bb4_4&Prime; _builder_version=\u00a0\u00bb4.16&Prime; custom_padding=\u00a0\u00bb|||\u00a0\u00bb global_colors_info=\u00a0\u00bb{}\u00a0\u00bb custom_padding__hover=\u00a0\u00bb|||\u00a0\u00bb][et_pb_text admin_label=\u00a0\u00bbTexte\u00a0\u00bb _builder_version=\u00a0\u00bb4.23.4&Prime; text_font=\u00a0\u00bbBarlow Condensed|||on|||||\u00a0\u00bb text_text_color=\u00a0\u00bb#333333&Prime; text_font_size=\u00a0\u00bb35px\u00a0\u00bb text_line_height=\u00a0\u00bb1.4em\u00a0\u00bb background_size=\u00a0\u00bbinitial\u00a0\u00bb background_position=\u00a0\u00bbtop_left\u00a0\u00bb background_repeat=\u00a0\u00bbrepeat\u00a0\u00bb use_border_color=\u00a0\u00bboff\u00a0\u00bb border_color=\u00a0\u00bb#ffffff\u00a0\u00bb border_style=\u00a0\u00bbsolid\u00a0\u00bb global_colors_info=\u00a0\u00bb{}\u00a0\u00bb]<\/p>\n<p style=\"text-align: center;\"><strong>T\u00e9moignages<br \/><\/strong><\/p>\n<p>[\/et_pb_text][\/et_pb_column][\/et_pb_row][et_pb_row column_structure=\u00a0\u00bb1_2,1_2&Prime; admin_label=\u00a0\u00bbrow\u00a0\u00bb _builder_version=\u00a0\u00bb4.16&Prime; background_size=\u00a0\u00bbinitial\u00a0\u00bb background_position=\u00a0\u00bbtop_left\u00a0\u00bb background_repeat=\u00a0\u00bbrepeat\u00a0\u00bb global_colors_info=\u00a0\u00bb{}\u00a0\u00bb][et_pb_column type=\u00a0\u00bb1_2&Prime; _builder_version=\u00a0\u00bb4.16&Prime; custom_padding=\u00a0\u00bb|||\u00a0\u00bb global_colors_info=\u00a0\u00bb{}\u00a0\u00bb custom_padding__hover=\u00a0\u00bb|||\u00a0\u00bb][et_pb_testimonial admin_label=\u00a0\u00bbT\u00e9moignage\u00a0\u00bb _builder_version=\u00a0\u00bb4.23.4&Prime; background_size=\u00a0\u00bbinitial\u00a0\u00bb background_position=\u00a0\u00bbtop_left\u00a0\u00bb background_repeat=\u00a0\u00bbrepeat\u00a0\u00bb text_orientation=\u00a0\u00bbcenter\u00a0\u00bb use_border_color=\u00a0\u00bboff\u00a0\u00bb border_color=\u00a0\u00bb#ffffff\u00a0\u00bb border_style=\u00a0\u00bbsolid\u00a0\u00bb global_colors_info=\u00a0\u00bb{}\u00a0\u00bb]<\/p>\n<p><em>\u00ab Merci \u00e0 tous les 3 pour l\u2019organisation de ce magnifique \u00e9v\u00e9nement hier soir. Tout \u00e9tait parfait dans les moindres d\u00e9tails gr\u00e2ce \u00e0 votre implication tout au long de ces mois de pr\u00e9paration. Les retours de tous nos invit\u00e9s internes comme externes sont unanimement et extr\u00eamement positifs. Encore merci ! \u00bb<\/em><\/p>\n<p><strong>La\u00ebtitia Feraud &#8211; Chief Operating Officer &#8211; INFRAVIA CAPITAL PARTNERS<\/strong><\/p>\n<p>[\/et_pb_testimonial][et_pb_testimonial admin_label=\u00a0\u00bbT\u00e9moignage\u00a0\u00bb _builder_version=\u00a0\u00bb4.23.4&Prime; background_size=\u00a0\u00bbinitial\u00a0\u00bb background_position=\u00a0\u00bbtop_left\u00a0\u00bb background_repeat=\u00a0\u00bbrepeat\u00a0\u00bb text_orientation=\u00a0\u00bbcenter\u00a0\u00bb use_border_color=\u00a0\u00bboff\u00a0\u00bb border_color=\u00a0\u00bb#ffffff\u00a0\u00bb border_style=\u00a0\u00bbsolid\u00a0\u00bb global_colors_info=\u00a0\u00bb{}\u00a0\u00bb]<\/p>\n<p><em>\u00ab Juste un petit message de remerciements pour votre professionnalisme qui a fait que ce s\u00e9minaire soit une pleine r\u00e9ussite. \u00bb<\/em><\/p>\n<p><strong>Fran\u00e7oise SELLIER &#8211; Responsable RH et Communication Interne &#8211; EPA Paris-Saclay<\/strong><\/p>\n<p>[\/et_pb_testimonial][et_pb_testimonial admin_label=\u00a0\u00bbT\u00e9moignage\u00a0\u00bb _builder_version=\u00a0\u00bb4.16&Prime; background_size=\u00a0\u00bbinitial\u00a0\u00bb background_position=\u00a0\u00bbtop_left\u00a0\u00bb background_repeat=\u00a0\u00bbrepeat\u00a0\u00bb text_orientation=\u00a0\u00bbcenter\u00a0\u00bb use_border_color=\u00a0\u00bboff\u00a0\u00bb border_color=\u00a0\u00bb#ffffff\u00a0\u00bb border_style=\u00a0\u00bbsolid\u00a0\u00bb global_colors_info=\u00a0\u00bb{}\u00a0\u00bb]<em>\u00ab\u00a0Le voyage \u00e9tait extraordinaire et surtout tr\u00e8s tr\u00e8s bien organis\u00e9.\u00a0\u00bb<\/em><\/p>\n<p><strong>Sandrine Bilvao \u2013 Assistante Commerciale \u2013 MALAKOFF MEDERIC<\/strong><br \/>\n[\/et_pb_testimonial][et_pb_testimonial admin_label=\u00a0\u00bbT\u00e9moignage\u00a0\u00bb _builder_version=\u00a0\u00bb4.23.4&Prime; background_size=\u00a0\u00bbinitial\u00a0\u00bb background_position=\u00a0\u00bbtop_left\u00a0\u00bb background_repeat=\u00a0\u00bbrepeat\u00a0\u00bb text_orientation=\u00a0\u00bbcenter\u00a0\u00bb use_border_color=\u00a0\u00bboff\u00a0\u00bb border_color=\u00a0\u00bb#ffffff\u00a0\u00bb border_style=\u00a0\u00bbsolid\u00a0\u00bb global_colors_info=\u00a0\u00bb{}\u00a0\u00bb]<\/p>\n<p><em>\u00ab\u00a0Je vous remercie pour la qualit\u00e9 et l\u2019organisation de ce congr\u00e8s. Egalement pour la transparence des informations comptables tout au long, et en cours, de celui-ci, comme de vos bons soins et conseils.\u00a0\u00bb<\/em><\/p>\n<p><strong>Francisco CRUZ &#8211; Pr\u00e9sident de l\u2019Amicale des Experts Auto Cov\u00e9a<\/strong><\/p>\n<p>[\/et_pb_testimonial][et_pb_testimonial admin_label=\u00a0\u00bbT\u00e9moignage\u00a0\u00bb _builder_version=\u00a0\u00bb4.16&Prime; background_size=\u00a0\u00bbinitial\u00a0\u00bb background_position=\u00a0\u00bbtop_left\u00a0\u00bb background_repeat=\u00a0\u00bbrepeat\u00a0\u00bb text_orientation=\u00a0\u00bbcenter\u00a0\u00bb use_border_color=\u00a0\u00bboff\u00a0\u00bb border_color=\u00a0\u00bb#ffffff\u00a0\u00bb border_style=\u00a0\u00bbsolid\u00a0\u00bb global_colors_info=\u00a0\u00bb{}\u00a0\u00bb]<em>\u00ab\u00a0Super voyage, rien \u00e0 redire. Organisation et prestation au top \u00bb<\/em><\/p>\n<p><strong>Cyril Klein \u2013 Ing\u00e9nieur Commercial &#8211; Rehau<\/strong><br \/>\n[\/et_pb_testimonial][\/et_pb_column][et_pb_column type=\u00a0\u00bb1_2&Prime; _builder_version=\u00a0\u00bb4.16&Prime; custom_padding=\u00a0\u00bb|||\u00a0\u00bb global_colors_info=\u00a0\u00bb{}\u00a0\u00bb custom_padding__hover=\u00a0\u00bb|||\u00a0\u00bb][et_pb_testimonial admin_label=\u00a0\u00bbT\u00e9moignage\u00a0\u00bb _builder_version=\u00a0\u00bb4.23.4&Prime; background_size=\u00a0\u00bbinitial\u00a0\u00bb background_position=\u00a0\u00bbtop_left\u00a0\u00bb background_repeat=\u00a0\u00bbrepeat\u00a0\u00bb text_orientation=\u00a0\u00bbcenter\u00a0\u00bb use_border_color=\u00a0\u00bboff\u00a0\u00bb border_color=\u00a0\u00bb#ffffff\u00a0\u00bb border_style=\u00a0\u00bbsolid\u00a0\u00bb global_colors_info=\u00a0\u00bb{}\u00a0\u00bb]<\/p>\n<p><em>\u00ab\u00a0Ce message pour vous f\u00e9liciter de cette tr\u00e8s belle organisation du 17\u00e8me congr\u00e8s Cov\u00e9a. Le choix de la ville, le programme, les activit\u00e9s et l\u2019organisation g\u00e9n\u00e9rale \u00e9taient au top. Un grand bravo et un grand merci ! \u00bb<\/em><\/p>\n<p><strong>David BILLEROT &#8211; Directeur adjoint des Op\u00e9rations Groupe Polyexpert<\/strong><\/p>\n<p>[\/et_pb_testimonial][et_pb_testimonial admin_label=\u00a0\u00bbT\u00e9moignage\u00a0\u00bb _builder_version=\u00a0\u00bb4.16&Prime; background_size=\u00a0\u00bbinitial\u00a0\u00bb background_position=\u00a0\u00bbtop_left\u00a0\u00bb background_repeat=\u00a0\u00bbrepeat\u00a0\u00bb text_orientation=\u00a0\u00bbcenter\u00a0\u00bb use_border_color=\u00a0\u00bboff\u00a0\u00bb border_color=\u00a0\u00bb#ffffff\u00a0\u00bb border_style=\u00a0\u00bbsolid\u00a0\u00bb global_colors_info=\u00a0\u00bb{}\u00a0\u00bb]<em>\u00ab\u00a0Superbe s\u00e9minaire, tr\u00e8s bonne organisation de Morgane, et super choix d&rsquo;activit\u00e9, d\u2019h\u00e9bergement et de restaurant \u00bb<\/em><\/p>\n<p><strong>Alexandre Grivel \u2013 Responsable Prescription R\u00e9sidentiel Individuel \u2013 Atlantic<\/strong><br \/>\n[\/et_pb_testimonial][et_pb_testimonial admin_label=\u00a0\u00bbT\u00e9moignage\u00a0\u00bb _builder_version=\u00a0\u00bb4.16&Prime; background_size=\u00a0\u00bbinitial\u00a0\u00bb background_position=\u00a0\u00bbtop_left\u00a0\u00bb background_repeat=\u00a0\u00bbrepeat\u00a0\u00bb text_orientation=\u00a0\u00bbcenter\u00a0\u00bb use_border_color=\u00a0\u00bboff\u00a0\u00bb border_color=\u00a0\u00bb#ffffff\u00a0\u00bb border_style=\u00a0\u00bbsolid\u00a0\u00bb global_colors_info=\u00a0\u00bb{}\u00a0\u00bb]<em>\u00ab\u00a0Les participants \u00e9taient dithyrambiques sur le voyage. L\u2019organisation \u00e9tait top, la destination magnifique et l\u2019ambiance super, un retour tr\u00e8s positif.\u00a0\u00bb<\/em><\/p>\n<p><strong>Marie-H\u00e9l\u00e8ne Gudarzi \u2013 Service Commercial \u2013 AURIEGE<\/strong><br \/>\n[\/et_pb_testimonial][et_pb_testimonial admin_label=\u00a0\u00bbT\u00e9moignage\u00a0\u00bb _builder_version=\u00a0\u00bb4.16&Prime; background_size=\u00a0\u00bbinitial\u00a0\u00bb background_position=\u00a0\u00bbtop_left\u00a0\u00bb background_repeat=\u00a0\u00bbrepeat\u00a0\u00bb text_orientation=\u00a0\u00bbcenter\u00a0\u00bb use_border_color=\u00a0\u00bboff\u00a0\u00bb border_color=\u00a0\u00bb#ffffff\u00a0\u00bb border_style=\u00a0\u00bbsolid\u00a0\u00bb global_colors_info=\u00a0\u00bb{}\u00a0\u00bb]<em>\u00ab\u00a0Ce s\u00e9minaire \u00e0 Duba\u00ef \u00e9tait fabuleux !\u00a0 J\u2019ai m\u00eame fait de l\u2019hydravion. Un grand merci \u00e0 tous les deux ! Nous avons des souvenirs plein la t\u00eate\u00a0\u00bb<\/em><\/p>\n<p><strong>Zohra Abdouni \u2013 Executive Assistant \u2013 INFRAVIA CAPITAL PARTNERS<\/strong><br \/>\n[\/et_pb_testimonial][\/et_pb_column][\/et_pb_row][\/et_pb_section]<\/p>\n","protected":false},"excerpt":{"rendered":"<p>INVICTUS CORPORATE TRAVELDepuis plus de 20 ans,nous travaillons pour la r\u00e9ussitede vos voyages !T\u00e9moignages\u00ab Merci \u00e0 tous les 3 pour l\u2019organisation de ce magnifique \u00e9v\u00e9nement hier soir. Tout \u00e9tait parfait dans les moindres d\u00e9tails gr\u00e2ce \u00e0 votre implication tout au long de ces mois de pr\u00e9paration. Les retours de tous nos invit\u00e9s internes comme externes [&hellip;]<\/p>\n","protected":false},"author":1,"featured_media":0,"parent":0,"menu_order":0,"comment_status":"closed","ping_status":"closed","template":"","meta":{"_et_pb_use_builder":"on","_et_pb_old_content":"","_et_gb_content_width":"","footnotes":""},"class_list":["post-2643","page","type-page","status-publish","hentry"],"yoast_head":"<!-- This site is optimized with the Yoast SEO plugin v27.4 - https:\/\/yoast.com\/product\/yoast-seo-wordpress\/ -->\n<title>T\u00e9moignages - Invictus Corporate Travel - Voyages incentive<\/title>\n<meta name=\"robots\" content=\"index, follow, max-snippet:-1, max-image-preview:large, max-video-preview:-1\" \/>\n<link rel=\"canonical\" href=\"https:\/\/invictus-travel.com\/site\/temoignages\/\" \/>\n<meta property=\"og:locale\" content=\"fr_FR\" \/>\n<meta property=\"og:type\" content=\"article\" \/>\n<meta property=\"og:title\" content=\"T\u00e9moignages - Invictus Corporate Travel - Voyages incentive\" \/>\n<meta property=\"og:description\" content=\"INVICTUS CORPORATE TRAVELDepuis plus de 20 ans,nous travaillons pour la r\u00e9ussitede vos voyages !T\u00e9moignages\u00ab Merci \u00e0 tous les 3 pour l\u2019organisation de ce magnifique \u00e9v\u00e9nement hier soir. Tout \u00e9tait parfait dans les moindres d\u00e9tails gr\u00e2ce \u00e0 votre implication tout au long de ces mois de pr\u00e9paration. Les retours de tous nos invit\u00e9s internes comme externes [&hellip;]\" \/>\n<meta property=\"og:url\" content=\"https:\/\/invictus-travel.com\/site\/temoignages\/\" \/>\n<meta property=\"og:site_name\" content=\"Invictus Corporate Travel - Voyages incentive\" \/>\n<meta property=\"article:modified_time\" content=\"2024-04-25T07:20:18+00:00\" \/>\n<meta name=\"twitter:card\" content=\"summary_large_image\" \/>\n<meta name=\"twitter:label1\" content=\"Dur\u00e9e de lecture estim\u00e9e\" \/>\n\t<meta name=\"twitter:data1\" content=\"2 minutes\" \/>\n<script type=\"application\/ld+json\" class=\"yoast-schema-graph\">{\"@context\":\"https:\\\/\\\/schema.org\",\"@graph\":[{\"@type\":\"WebPage\",\"@id\":\"https:\\\/\\\/invictus-travel.com\\\/site\\\/temoignages\\\/\",\"url\":\"https:\\\/\\\/invictus-travel.com\\\/site\\\/temoignages\\\/\",\"name\":\"T\u00e9moignages - Invictus Corporate Travel - Voyages incentive\",\"isPartOf\":{\"@id\":\"https:\\\/\\\/invictus-travel.com\\\/site\\\/#website\"},\"datePublished\":\"2019-04-03T17:02:17+00:00\",\"dateModified\":\"2024-04-25T07:20:18+00:00\",\"breadcrumb\":{\"@id\":\"https:\\\/\\\/invictus-travel.com\\\/site\\\/temoignages\\\/#breadcrumb\"},\"inLanguage\":\"fr-FR\",\"potentialAction\":[{\"@type\":\"ReadAction\",\"target\":[\"https:\\\/\\\/invictus-travel.com\\\/site\\\/temoignages\\\/\"]}]},{\"@type\":\"BreadcrumbList\",\"@id\":\"https:\\\/\\\/invictus-travel.com\\\/site\\\/temoignages\\\/#breadcrumb\",\"itemListElement\":[{\"@type\":\"ListItem\",\"position\":1,\"name\":\"Accueil\",\"item\":\"https:\\\/\\\/invictus-travel.com\\\/site\\\/\"},{\"@type\":\"ListItem\",\"position\":2,\"name\":\"T\u00e9moignages\"}]},{\"@type\":\"WebSite\",\"@id\":\"https:\\\/\\\/invictus-travel.com\\\/site\\\/#website\",\"url\":\"https:\\\/\\\/invictus-travel.com\\\/site\\\/\",\"name\":\"Invictus Corporate Travel - Voyages incentive\",\"description\":\"Des prestations \u00e0 la carte\",\"potentialAction\":[{\"@type\":\"SearchAction\",\"target\":{\"@type\":\"EntryPoint\",\"urlTemplate\":\"https:\\\/\\\/invictus-travel.com\\\/site\\\/?s={search_term_string}\"},\"query-input\":{\"@type\":\"PropertyValueSpecification\",\"valueRequired\":true,\"valueName\":\"search_term_string\"}}],\"inLanguage\":\"fr-FR\"}]}<\/script>\n<!-- \/ Yoast SEO plugin. -->","yoast_head_json":{"title":"T\u00e9moignages - Invictus Corporate Travel - Voyages incentive","robots":{"index":"index","follow":"follow","max-snippet":"max-snippet:-1","max-image-preview":"max-image-preview:large","max-video-preview":"max-video-preview:-1"},"canonical":"https:\/\/invictus-travel.com\/site\/temoignages\/","og_locale":"fr_FR","og_type":"article","og_title":"T\u00e9moignages - Invictus Corporate Travel - Voyages incentive","og_description":"INVICTUS CORPORATE TRAVELDepuis plus de 20 ans,nous travaillons pour la r\u00e9ussitede vos voyages !T\u00e9moignages\u00ab Merci \u00e0 tous les 3 pour l\u2019organisation de ce magnifique \u00e9v\u00e9nement hier soir. Tout \u00e9tait parfait dans les moindres d\u00e9tails gr\u00e2ce \u00e0 votre implication tout au long de ces mois de pr\u00e9paration. Les retours de tous nos invit\u00e9s internes comme externes [&hellip;]","og_url":"https:\/\/invictus-travel.com\/site\/temoignages\/","og_site_name":"Invictus Corporate Travel - Voyages incentive","article_modified_time":"2024-04-25T07:20:18+00:00","twitter_card":"summary_large_image","twitter_misc":{"Dur\u00e9e de lecture estim\u00e9e":"2 minutes"},"schema":{"@context":"https:\/\/schema.org","@graph":[{"@type":"WebPage","@id":"https:\/\/invictus-travel.com\/site\/temoignages\/","url":"https:\/\/invictus-travel.com\/site\/temoignages\/","name":"T\u00e9moignages - Invictus Corporate Travel - Voyages incentive","isPartOf":{"@id":"https:\/\/invictus-travel.com\/site\/#website"},"datePublished":"2019-04-03T17:02:17+00:00","dateModified":"2024-04-25T07:20:18+00:00","breadcrumb":{"@id":"https:\/\/invictus-travel.com\/site\/temoignages\/#breadcrumb"},"inLanguage":"fr-FR","potentialAction":[{"@type":"ReadAction","target":["https:\/\/invictus-travel.com\/site\/temoignages\/"]}]},{"@type":"BreadcrumbList","@id":"https:\/\/invictus-travel.com\/site\/temoignages\/#breadcrumb","itemListElement":[{"@type":"ListItem","position":1,"name":"Accueil","item":"https:\/\/invictus-travel.com\/site\/"},{"@type":"ListItem","position":2,"name":"T\u00e9moignages"}]},{"@type":"WebSite","@id":"https:\/\/invictus-travel.com\/site\/#website","url":"https:\/\/invictus-travel.com\/site\/","name":"Invictus Corporate Travel - Voyages incentive","description":"Des prestations \u00e0 la carte","potentialAction":[{"@type":"SearchAction","target":{"@type":"EntryPoint","urlTemplate":"https:\/\/invictus-travel.com\/site\/?s={search_term_string}"},"query-input":{"@type":"PropertyValueSpecification","valueRequired":true,"valueName":"search_term_string"}}],"inLanguage":"fr-FR"}]}},"_links":{"self":[{"href":"https:\/\/invictus-travel.com\/site\/wp-json\/wp\/v2\/pages\/2643","targetHints":{"allow":["GET"]}}],"collection":[{"href":"https:\/\/invictus-travel.com\/site\/wp-json\/wp\/v2\/pages"}],"about":[{"href":"https:\/\/invictus-travel.com\/site\/wp-json\/wp\/v2\/types\/page"}],"author":[{"embeddable":true,"href":"https:\/\/invictus-travel.com\/site\/wp-json\/wp\/v2\/users\/1"}],"replies":[{"embeddable":true,"href":"https:\/\/invictus-travel.com\/site\/wp-json\/wp\/v2\/comments?post=2643"}],"version-history":[{"count":18,"href":"https:\/\/invictus-travel.com\/site\/wp-json\/wp\/v2\/pages\/2643\/revisions"}],"predecessor-version":[{"id":3358,"href":"https:\/\/invictus-travel.com\/site\/wp-json\/wp\/v2\/pages\/2643\/revisions\/3358"}],"wp:attachment":[{"href":"https:\/\/invictus-travel.com\/site\/wp-json\/wp\/v2\/media?parent=2643"}],"curies":[{"name":"wp","href":"https:\/\/api.w.org\/{rel}","templated":true}]}}