{"id":1926,"date":"2018-03-20T13:30:34","date_gmt":"2018-03-20T12:30:34","guid":{"rendered":"http:\/\/invictus-travel.com\/en\/?page_id=1926"},"modified":"2025-09-17T10:26:01","modified_gmt":"2025-09-17T08:26:01","slug":"get-in-touch","status":"publish","type":"page","link":"https:\/\/invictus-travel.com\/en\/get-in-touch\/","title":{"rendered":"Get in touch!"},"content":{"rendered":"<p>[et_pb_section fb_built=&#8221;1&#8243; custom_padding_last_edited=&#8221;on|desktop&#8221; admin_label=&#8221;section&#8221; _builder_version=&#8221;4.24.0&#8243; background_color=&#8221;#ffffff&#8221; custom_padding=&#8221;||0px|&#8221; custom_padding_tablet=&#8221;50px|0|50px|0&#8243; custom_padding_phone=&#8221;&#8221; animation_style=&#8221;fade&#8221; transparent_background=&#8221;off&#8221; padding_mobile=&#8221;off&#8221; make_fullwidth=&#8221;off&#8221; use_custom_width=&#8221;off&#8221; width_unit=&#8221;on&#8221; global_colors_info=&#8221;{}&#8221;][et_pb_row padding_mobile=&#8221;off&#8221; column_padding_mobile=&#8221;on&#8221; admin_label=&#8221;Ligne&#8221; _builder_version=&#8221;4.16&#8243; background_image=&#8221;http:\/\/invictus-travel.com\/en\/wp-content\/uploads\/2016\/08\/ima-mapmond1000.jpg&#8221; background_size=&#8221;initial&#8221; background_position=&#8221;top_left&#8221; background_repeat=&#8221;repeat&#8221; custom_padding=&#8221;0px|||&#8221; make_fullwidth=&#8221;off&#8221; use_custom_width=&#8221;off&#8221; width_unit=&#8221;on&#8221; global_colors_info=&#8221;{}&#8221;][et_pb_column type=&#8221;4_4&#8243; _builder_version=&#8221;4.16&#8243; custom_padding=&#8221;|||&#8221; global_colors_info=&#8221;{}&#8221; custom_padding__hover=&#8221;|||&#8221;][et_pb_text admin_label=&#8221;Texte&#8221; _builder_version=&#8221;4.16&#8243; text_font=&#8221;Open Sans Condensed||||&#8221; text_font_size=&#8221;40&#8243; text_line_height=&#8221;1.2em&#8221; header_font=&#8221;Open Sans Condensed||||&#8221; header_font_size=&#8221;50px&#8221; background_size=&#8221;initial&#8221; background_position=&#8221;top_left&#8221; background_repeat=&#8221;repeat&#8221; text_orientation=&#8221;center&#8221; module_alignment=&#8221;center&#8221; custom_padding=&#8221;60px|||&#8221; custom_padding_tablet=&#8221;30px|||&#8221; custom_padding_phone=&#8221;&#8221; custom_padding_last_edited=&#8221;on|tablet&#8221; use_border_color=&#8221;off&#8221; border_color=&#8221;#ffffff&#8221; border_style=&#8221;solid&#8221; global_colors_info=&#8221;{}&#8221;]<\/p>\n<p style=\"text-align: center;\"><strong>Invictus Corporate Travel<\/strong><br \/>\nplaces a team of dedicated and specialized collaborators<br \/>\nat your disposal.<\/p>\n<p>[\/et_pb_text][et_pb_divider show_divider=&#8221;off&#8221; disabled_on=&#8221;on|on|off&#8221; admin_label=&#8221;S\u00e9parateur&#8221; _builder_version=&#8221;4.16&#8243; height=&#8221;5px&#8221; hide_on_mobile=&#8221;on&#8221; global_colors_info=&#8221;{}&#8221;][\/et_pb_divider][\/et_pb_column][\/et_pb_row][et_pb_row padding_mobile=&#8221;off&#8221; column_padding_mobile=&#8221;on&#8221; admin_label=&#8221;Ligne&#8221; _builder_version=&#8221;4.16&#8243; background_size=&#8221;initial&#8221; background_position=&#8221;top_left&#8221; background_repeat=&#8221;repeat&#8221; custom_padding=&#8221;||0px|&#8221; make_fullwidth=&#8221;off&#8221; use_custom_width=&#8221;off&#8221; width_unit=&#8221;on&#8221; global_colors_info=&#8221;{}&#8221;][et_pb_column type=&#8221;4_4&#8243; _builder_version=&#8221;4.16&#8243; custom_padding=&#8221;|||&#8221; global_colors_info=&#8221;{}&#8221; custom_padding__hover=&#8221;|||&#8221;][et_pb_text admin_label=&#8221;Texte&#8221; _builder_version=&#8221;4.16&#8243; background_size=&#8221;initial&#8221; background_position=&#8221;top_left&#8221; background_repeat=&#8221;repeat&#8221; custom_margin=&#8221;|10%||10%&#8221; use_border_color=&#8221;off&#8221; global_colors_info=&#8221;{}&#8221;]<\/p>\n<p style=\"text-align: center;\"><strong>Invictus Corporate Travel &#8211; 226 boulevard Voltaire, 75011 Paris &#8211; +33 (0)6.03.24.82.10<\/strong><\/p>\n<p>[\/et_pb_text][\/et_pb_column][\/et_pb_row][\/et_pb_section][et_pb_section fb_built=&#8221;1&#8243; custom_padding_last_edited=&#8221;on|desktop&#8221; _builder_version=&#8221;4.16&#8243; background_color=&#8221;#ffffff&#8221; custom_padding=&#8221;0px|0px||0px&#8221; custom_padding_tablet=&#8221;50px|0|50px|0&#8243; custom_padding_phone=&#8221;&#8221; transparent_background=&#8221;off&#8221; padding_mobile=&#8221;off&#8221; make_fullwidth=&#8221;off&#8221; use_custom_width=&#8221;off&#8221; width_unit=&#8221;on&#8221; global_colors_info=&#8221;{}&#8221;][et_pb_row column_structure=&#8221;1_2,1_2&#8243; use_custom_gutter=&#8221;on&#8221; gutter_width=&#8221;1&#8243; padding_mobile=&#8221;off&#8221; column_padding_mobile=&#8221;on&#8221; custom_padding_last_edited=&#8221;on|phone&#8221; _builder_version=&#8221;4.24.0&#8243; background_size=&#8221;initial&#8221; background_position=&#8221;top_left&#8221; background_repeat=&#8221;repeat&#8221; custom_padding=&#8221;|0px||0px&#8221; custom_padding_tablet=&#8221;&#8221; custom_padding_phone=&#8221;1px|0px||0px&#8221; animation_style=&#8221;fade&#8221; make_fullwidth=&#8221;off&#8221; use_custom_width=&#8221;off&#8221; width_unit=&#8221;on&#8221; global_colors_info=&#8221;{}&#8221;][et_pb_column type=&#8221;1_2&#8243; _builder_version=&#8221;4.16&#8243; custom_padding=&#8221;|||&#8221; global_colors_info=&#8221;{}&#8221; custom_padding__hover=&#8221;|||&#8221;][et_pb_image src=&#8221;http:\/\/invictus-travel.com\/en\/wp-content\/uploads\/2025\/09\/t-aude-2025.jpg&#8221; align_tablet=&#8221;center&#8221; align_phone=&#8221;center&#8221; align_last_edited=&#8221;on|desktop&#8221; _builder_version=&#8221;4.27.4&#8243; custom_margin=&#8221;5px|10px|5px|&#8221; border_radii=&#8221;off|25px|||25px&#8221; use_border_color=&#8221;off&#8221; border_color=&#8221;#ffffff&#8221; border_style=&#8221;solid&#8221; animation=&#8221;off&#8221; sticky=&#8221;off&#8221; always_center_on_mobile=&#8221;on&#8221; global_colors_info=&#8221;{}&#8221;][\/et_pb_image][et_pb_text _builder_version=&#8221;4.27.4&#8243; text_font=&#8221;Open Sans||||||||&#8221; background_size=&#8221;initial&#8221; background_position=&#8221;top_left&#8221; background_repeat=&#8221;repeat&#8221; custom_margin=&#8221;||10px|&#8221; custom_padding=&#8221;||10px|&#8221; use_border_color=&#8221;off&#8221; global_colors_info=&#8221;{}&#8221;]<\/p>\n<p><strong>AUDE WAMPFLER<br \/>Assistant Director<\/strong><br \/>Tel : +33 (0)6.37.77.39.60<br \/><a href=\"mailto:awampfler@invictus-corporate.com\">awampfler@invictus-corporate.com<\/a><\/p>\n<p>[\/et_pb_text][\/et_pb_column][et_pb_column type=&#8221;1_2&#8243; _builder_version=&#8221;4.16&#8243; custom_padding=&#8221;|||&#8221; global_colors_info=&#8221;{}&#8221; custom_padding__hover=&#8221;|||&#8221;][et_pb_image src=&#8221;http:\/\/invictus-travel.com\/en\/wp-content\/uploads\/2023\/09\/t-manon-2023.jpg&#8221; align_tablet=&#8221;center&#8221; align_phone=&#8221;center&#8221; align_last_edited=&#8221;on|desktop&#8221; _builder_version=&#8221;4.24.0&#8243; custom_margin=&#8221;5px|10px|5px|&#8221; border_radii=&#8221;off|25px|||25px&#8221; use_border_color=&#8221;off&#8221; always_center_on_mobile=&#8221;on&#8221; global_colors_info=&#8221;{}&#8221;][\/et_pb_image][et_pb_text _builder_version=&#8221;4.27.4&#8243; background_size=&#8221;initial&#8221; background_position=&#8221;top_left&#8221; background_repeat=&#8221;repeat&#8221; custom_margin=&#8221;||10px|&#8221; custom_padding=&#8221;||10px|&#8221; use_border_color=&#8221;off&#8221; global_colors_info=&#8221;{}&#8221;]<\/p>\n<p><strong>Manon GABARD<\/strong><br \/><strong>Senior Freelance Project Manager<\/strong><br \/>Tel : + 33 (0)6 74 16 52 73<br \/><a href=\"mailto:gabardmanon@gmail.com\">gabardmanon@gmail.com<\/a><\/p>\n<p>[\/et_pb_text][\/et_pb_column][\/et_pb_row][et_pb_row column_structure=&#8221;1_2,1_2&#8243; use_custom_gutter=&#8221;on&#8221; gutter_width=&#8221;1&#8243; padding_mobile=&#8221;off&#8221; column_padding_mobile=&#8221;on&#8221; custom_padding_last_edited=&#8221;on|phone&#8221; _builder_version=&#8221;4.24.0&#8243; background_size=&#8221;initial&#8221; background_position=&#8221;top_left&#8221; background_repeat=&#8221;repeat&#8221; custom_padding=&#8221;|0px||0px&#8221; custom_padding_tablet=&#8221;&#8221; custom_padding_phone=&#8221;1px|0px||0px&#8221; animation_style=&#8221;fade&#8221; make_fullwidth=&#8221;off&#8221; use_custom_width=&#8221;off&#8221; width_unit=&#8221;on&#8221; global_colors_info=&#8221;{}&#8221;][et_pb_column type=&#8221;1_2&#8243; _builder_version=&#8221;4.16&#8243; custom_padding=&#8221;|||&#8221; global_colors_info=&#8221;{}&#8221; custom_padding__hover=&#8221;|||&#8221;][et_pb_image src=&#8221;http:\/\/invictus-travel.com\/en\/wp-content\/uploads\/2025\/09\/l-millet-2025-01.jpg&#8221; align_tablet=&#8221;center&#8221; align_phone=&#8221;center&#8221; align_last_edited=&#8221;on|desktop&#8221; _builder_version=&#8221;4.27.4&#8243; custom_margin=&#8221;5px|10px|5px|&#8221; border_radii=&#8221;off|25px|||25px&#8221; use_border_color=&#8221;off&#8221; always_center_on_mobile=&#8221;on&#8221; global_colors_info=&#8221;{}&#8221;][\/et_pb_image][et_pb_text _builder_version=&#8221;4.27.4&#8243; background_size=&#8221;initial&#8221; background_position=&#8221;top_left&#8221; background_repeat=&#8221;repeat&#8221; custom_margin=&#8221;10px||10px||true&#8221; custom_padding=&#8221;10px||10px||true&#8221; hover_enabled=&#8221;0&#8243; use_border_color=&#8221;off&#8221; global_colors_info=&#8221;{}&#8221; sticky_enabled=&#8221;0&#8243;]<strong>Lola Millet<\/strong><br \/>\n<strong>Assistant project manager<\/strong><br \/>\nTel : +33 (0)6.45.27.64.23<br \/>\n<a href=\"mailto:lmillet@invictus-corporate.com\">lmillet@invictus-corporate.com<\/a>[\/et_pb_text][\/et_pb_column][et_pb_column type=&#8221;1_2&#8243; _builder_version=&#8221;4.16&#8243; custom_padding=&#8221;|||&#8221; global_colors_info=&#8221;{}&#8221; custom_padding__hover=&#8221;|||&#8221;][et_pb_image src=&#8221;http:\/\/invictus-travel.com\/en\/wp-content\/uploads\/2019\/01\/t-noelle2019.jpg&#8221; align_tablet=&#8221;center&#8221; align_phone=&#8221;center&#8221; align_last_edited=&#8221;on|desktop&#8221; _builder_version=&#8221;4.24.0&#8243; custom_margin=&#8221;5px|10px|5px|&#8221; border_radii=&#8221;off|25px|||25px&#8221; use_border_color=&#8221;off&#8221; border_color=&#8221;#ffffff&#8221; border_style=&#8221;solid&#8221; animation=&#8221;off&#8221; sticky=&#8221;off&#8221; always_center_on_mobile=&#8221;on&#8221; global_colors_info=&#8221;{}&#8221;][\/et_pb_image][et_pb_text _builder_version=&#8221;4.27.4&#8243; background_size=&#8221;initial&#8221; background_position=&#8221;top_left&#8221; background_repeat=&#8221;repeat&#8221; custom_margin=&#8221;||10px|&#8221; hover_enabled=&#8221;0&#8243; use_border_color=&#8221;off&#8221; global_colors_info=&#8221;{}&#8221; sticky_enabled=&#8221;0&#8243;]<\/p>\n<p style=\"text-align: left;\"><strong>NOELLE FERRON<\/strong><br \/><strong> Development Manager<\/strong><br \/>Tel : +33 (0)6.49.12.21.01<br \/><a href=\"mailto:nferron@invictus-corporate.com\">nferron@invictus-corporate.com<\/a><\/p>\n<p>[\/et_pb_text][\/et_pb_column][\/et_pb_row][et_pb_row column_structure=&#8221;1_4,1_2,1_4&#8243; use_custom_gutter=&#8221;on&#8221; gutter_width=&#8221;1&#8243; padding_mobile=&#8221;off&#8221; column_padding_mobile=&#8221;on&#8221; _builder_version=&#8221;4.24.0&#8243; background_size=&#8221;initial&#8221; background_position=&#8221;top_left&#8221; background_repeat=&#8221;repeat&#8221; custom_padding=&#8221;|0px||0px&#8221; animation_style=&#8221;fade&#8221; make_fullwidth=&#8221;off&#8221; use_custom_width=&#8221;off&#8221; width_unit=&#8221;on&#8221; global_colors_info=&#8221;{}&#8221;][et_pb_column type=&#8221;1_4&#8243; _builder_version=&#8221;4.16&#8243; custom_padding=&#8221;|||&#8221; global_colors_info=&#8221;{}&#8221; custom_padding__hover=&#8221;|||&#8221;][\/et_pb_column][et_pb_column type=&#8221;1_2&#8243; _builder_version=&#8221;4.16&#8243; custom_padding=&#8221;|||&#8221; global_colors_info=&#8221;{}&#8221; custom_padding__hover=&#8221;|||&#8221;][et_pb_image src=&#8221;http:\/\/invictus-travel.com\/en\/wp-content\/uploads\/2025\/04\/t-thierry-2025-01.jpg&#8221; align_tablet=&#8221;center&#8221; align_phone=&#8221;center&#8221; align_last_edited=&#8221;on|desktop&#8221; _builder_version=&#8221;4.27.4&#8243; custom_margin=&#8221;5px|10px|5px|&#8221; border_radii=&#8221;off|25px|||25px&#8221; use_border_color=&#8221;off&#8221; border_color=&#8221;#ffffff&#8221; border_style=&#8221;solid&#8221; animation=&#8221;off&#8221; sticky=&#8221;off&#8221; always_center_on_mobile=&#8221;on&#8221; global_colors_info=&#8221;{}&#8221;][\/et_pb_image][et_pb_text _builder_version=&#8221;4.27.4&#8243; background_size=&#8221;initial&#8221; background_position=&#8221;top_left&#8221; background_repeat=&#8221;repeat&#8221; custom_margin=&#8221;||10px|&#8221; use_border_color=&#8221;off&#8221; global_colors_info=&#8221;{}&#8221;]<\/p>\n<p style=\"text-align: left;\"><strong>THIERRY HERAUT<\/strong><br \/><strong> General Manager<\/strong><br \/>Tel : +33 (0)6.03.24.82.10<br \/><a href=\"mailto:theraut@invictus-corporate.com\">theraut@invictus-corporate.com<\/a><\/p>\n<p>[\/et_pb_text][\/et_pb_column][et_pb_column type=&#8221;1_4&#8243; _builder_version=&#8221;4.16&#8243; custom_padding=&#8221;|||&#8221; global_colors_info=&#8221;{}&#8221; custom_padding__hover=&#8221;|||&#8221;][\/et_pb_column][\/et_pb_row][\/et_pb_section]<\/p>\n","protected":false},"excerpt":{"rendered":"<p>Invictus Corporate Travel places a team of dedicated and specialized collaborators at your disposal. Invictus Corporate Travel &#8211; 226 boulevard Voltaire, 75011 Paris &#8211; +33 (0)6.03.24.82.10 AUDE WAMPFLERAssistant DirectorTel : +33 (0)6.37.77.39.60awampfler@invictus-corporate.comManon GABARDSenior Freelance Project ManagerTel : + 33 (0)6 74 16 52 73gabardmanon@gmail.comLola Millet Assistant project manager Tel : +33 (0)6.45.27.64.23 lmillet@invictus-corporate.comNOELLE FERRON Development [&hellip;]<\/p>\n","protected":false},"author":1,"featured_media":0,"parent":0,"menu_order":0,"comment_status":"closed","ping_status":"closed","template":"","meta":{"_et_pb_use_builder":"on","_et_pb_old_content":"[vc_row][vc_column width=\"1\/4\"][\/vc_column][vc_column width=\"3\/4\"][vc_column_text]\r\n<h3 style=\"text-align: center;\">Invictus Corporate Travel met \u00e0 votre disposition\r\nune \u00e9quipe de collaborateurs d\u00e9di\u00e9s et sp\u00e9cialis\u00e9s.<\/h3>\r\n[\/vc_column_text][\/vc_column][\/vc_row][vc_row][vc_column][vc_empty_space][\/vc_column][\/vc_row][vc_row css=\".vc_custom_1470390896094{background-color: rgba(0,0,0,0.01) !important;*background-color: rgb(0,0,0) !important;}\"][vc_column width=\"1\/4\"][\/vc_column][vc_column width=\"1\/4\" css=\".vc_custom_1470392155045{background-color: rgba(255,255,255,0.6) !important;*background-color: rgb(255,255,255) !important;}\"][member styles=\"style1\" img=\"323\" name=\"AUDE WAMPFLER\" role=\"Directrice de Projet\" link=\"#\" facebook=\"http:\/\/www.facebook.com\/tiveriaparis\"]T\u00e9l : +33 (0)1.53.16.10.18\r\nGsm : +33 (0)6.37.77.39.60\r\nSkype : awampfler-tiveria[\/member][\/vc_column][vc_column width=\"1\/4\" css=\".vc_custom_1470392146679{background-color: rgba(255,255,255,0.6) !important;*background-color: rgb(255,255,255) !important;}\"][member styles=\"style1\" img=\"323\" name=\"JESSICA LEBON\" role=\"Chef de Projet Senior\" link=\"#\" facebook=\"http:\/\/www.facebook.com\/tiveriaparis\"]T\u00e9l. + 33 (0)1.53.16.10.96\r\nGsm. + 33 (0)6.45.27.64.23\r\nSkype : jlebon-tiveria[\/member][\/vc_column][vc_column width=\"1\/4\" css=\".vc_custom_1470392135293{background-color: rgba(255,255,255,0.6) !important;*background-color: rgb(255,255,255) !important;}\"][member styles=\"style1\" img=\"323\" name=\"AGATHE CARIGNANT\" role=\"Chef de Projet\" link=\"#\" facebook=\"http:\/\/www.facebook.com\/tiveriaparis\"]T\u00e9l: +33 (0)1.53.16.10.96\r\nGsm: +33 (0)6.88.25.54.69\r\nSkype : acarignant-tiveria[\/member][\/vc_column][\/vc_row][vc_row][vc_column][vc_empty_space][\/vc_column][\/vc_row][vc_row css=\".vc_custom_1470390886237{background-color: rgba(0,0,0,0.01) !important;*background-color: rgb(0,0,0) !important;}\"][vc_column width=\"1\/4\"][\/vc_column][vc_column width=\"1\/4\" css=\".vc_custom_1470392111589{background-color: rgba(255,255,255,0.6) !important;*background-color: rgb(255,255,255) !important;}\"][member styles=\"style1\" img=\"323\" name=\"THIERRY HERAUT\" role=\"Directeur\" link=\"#\" facebook=\"http:\/\/www.facebook.com\/tiveriaparis\"]T\u00e9l : +33 (0)1.53.16.10.20\r\nGsm : +33 (0)6.03.24.82.10\r\nSkype : theraut-tiveria[\/member][\/vc_column][vc_column width=\"1\/4\" css=\".vc_custom_1470392102541{background-color: rgba(255,255,255,0.6) !important;*background-color: rgb(255,255,255) !important;}\"][member styles=\"style1\" img=\"323\" name=\"CAMILLE GUILLONNEAU\" role=\"Assistante Chef de Projet\" link=\"#\" facebook=\"http:\/\/www.facebook.com\/tiveriaparis\"]T\u00e9l. + 33 (0)1.53.16.10.96\r\nSkype : cguillonneau-tiveria[\/member][\/vc_column][vc_column width=\"1\/4\" css=\".vc_custom_1470392124957{background-color: rgba(255,255,255,0.6) !important;*background-color: rgb(255,255,255) !important;}\"][member styles=\"style1\" img=\"323\" name=\"NOELLE FERRON\" role=\"Responsable du D\u00e9veloppement\" link=\"#\" facebook=\"http:\/\/www.facebook.com\/tiveriaparis\"]Gsm : +33 (0)6.49.12.21.01\r\nSkype : nferron-tiveria[\/member][\/vc_column][\/vc_row]","_et_gb_content_width":"","footnotes":""},"class_list":["post-1926","page","type-page","status-publish","hentry"],"yoast_head":"<!-- This site is optimized with the Yoast SEO plugin v27.3 - https:\/\/yoast.com\/product\/yoast-seo-wordpress\/ -->\n<title>Get in touch! - Invictus Corporate Travel - Incentive Trips<\/title>\n<meta name=\"robots\" content=\"index, follow, max-snippet:-1, max-image-preview:large, max-video-preview:-1\" \/>\n<link rel=\"canonical\" href=\"https:\/\/invictus-travel.com\/en\/get-in-touch\/\" \/>\n<meta property=\"og:locale\" content=\"en_GB\" \/>\n<meta property=\"og:type\" content=\"article\" \/>\n<meta property=\"og:title\" content=\"Get in touch! - Invictus Corporate Travel - Incentive Trips\" \/>\n<meta property=\"og:description\" content=\"Invictus Corporate Travel places a team of dedicated and specialized collaborators at your disposal. Invictus Corporate Travel - 226 boulevard Voltaire, 75011 Paris - +33 (0)6.03.24.82.10 AUDE WAMPFLERAssistant DirectorTel : +33 (0)6.37.77.39.60awampfler@invictus-corporate.comManon GABARDSenior Freelance Project ManagerTel : + 33 (0)6 74 16 52 73gabardmanon@gmail.comLola Millet Assistant project manager Tel : +33 (0)6.45.27.64.23 lmillet@invictus-corporate.comNOELLE FERRON Development [&hellip;]\" \/>\n<meta property=\"og:url\" content=\"https:\/\/invictus-travel.com\/en\/get-in-touch\/\" \/>\n<meta property=\"og:site_name\" content=\"Invictus Corporate Travel - Incentive Trips\" \/>\n<meta property=\"article:modified_time\" content=\"2025-09-17T08:26:01+00:00\" \/>\n<meta name=\"twitter:card\" content=\"summary_large_image\" \/>\n<meta name=\"twitter:label1\" content=\"Estimated reading time\" \/>\n\t<meta name=\"twitter:data1\" content=\"2 minutes\" \/>\n<script type=\"application\/ld+json\" class=\"yoast-schema-graph\">{\"@context\":\"https:\\\/\\\/schema.org\",\"@graph\":[{\"@type\":\"WebPage\",\"@id\":\"https:\\\/\\\/invictus-travel.com\\\/en\\\/get-in-touch\\\/\",\"url\":\"https:\\\/\\\/invictus-travel.com\\\/en\\\/get-in-touch\\\/\",\"name\":\"Get in touch! - Invictus Corporate Travel - Incentive Trips\",\"isPartOf\":{\"@id\":\"https:\\\/\\\/invictus-travel.com\\\/en\\\/#website\"},\"datePublished\":\"2018-03-20T12:30:34+00:00\",\"dateModified\":\"2025-09-17T08:26:01+00:00\",\"breadcrumb\":{\"@id\":\"https:\\\/\\\/invictus-travel.com\\\/en\\\/get-in-touch\\\/#breadcrumb\"},\"inLanguage\":\"en-GB\",\"potentialAction\":[{\"@type\":\"ReadAction\",\"target\":[\"https:\\\/\\\/invictus-travel.com\\\/en\\\/get-in-touch\\\/\"]}]},{\"@type\":\"BreadcrumbList\",\"@id\":\"https:\\\/\\\/invictus-travel.com\\\/en\\\/get-in-touch\\\/#breadcrumb\",\"itemListElement\":[{\"@type\":\"ListItem\",\"position\":1,\"name\":\"Home\",\"item\":\"https:\\\/\\\/invictus-travel.com\\\/en\\\/\"},{\"@type\":\"ListItem\",\"position\":2,\"name\":\"Get in touch!\"}]},{\"@type\":\"WebSite\",\"@id\":\"https:\\\/\\\/invictus-travel.com\\\/en\\\/#website\",\"url\":\"https:\\\/\\\/invictus-travel.com\\\/en\\\/\",\"name\":\"Invictus Corporate Travel - Incentive Trips\",\"description\":\"\",\"potentialAction\":[{\"@type\":\"SearchAction\",\"target\":{\"@type\":\"EntryPoint\",\"urlTemplate\":\"https:\\\/\\\/invictus-travel.com\\\/en\\\/?s={search_term_string}\"},\"query-input\":{\"@type\":\"PropertyValueSpecification\",\"valueRequired\":true,\"valueName\":\"search_term_string\"}}],\"inLanguage\":\"en-GB\"}]}<\/script>\n<!-- \/ Yoast SEO plugin. -->","yoast_head_json":{"title":"Get in touch! - Invictus Corporate Travel - Incentive Trips","robots":{"index":"index","follow":"follow","max-snippet":"max-snippet:-1","max-image-preview":"max-image-preview:large","max-video-preview":"max-video-preview:-1"},"canonical":"https:\/\/invictus-travel.com\/en\/get-in-touch\/","og_locale":"en_GB","og_type":"article","og_title":"Get in touch! - Invictus Corporate Travel - Incentive Trips","og_description":"Invictus Corporate Travel places a team of dedicated and specialized collaborators at your disposal. Invictus Corporate Travel - 226 boulevard Voltaire, 75011 Paris - +33 (0)6.03.24.82.10 AUDE WAMPFLERAssistant DirectorTel : +33 (0)6.37.77.39.60awampfler@invictus-corporate.comManon GABARDSenior Freelance Project ManagerTel : + 33 (0)6 74 16 52 73gabardmanon@gmail.comLola Millet Assistant project manager Tel : +33 (0)6.45.27.64.23 lmillet@invictus-corporate.comNOELLE FERRON Development [&hellip;]","og_url":"https:\/\/invictus-travel.com\/en\/get-in-touch\/","og_site_name":"Invictus Corporate Travel - Incentive Trips","article_modified_time":"2025-09-17T08:26:01+00:00","twitter_card":"summary_large_image","twitter_misc":{"Estimated reading time":"2 minutes"},"schema":{"@context":"https:\/\/schema.org","@graph":[{"@type":"WebPage","@id":"https:\/\/invictus-travel.com\/en\/get-in-touch\/","url":"https:\/\/invictus-travel.com\/en\/get-in-touch\/","name":"Get in touch! - Invictus Corporate Travel - Incentive Trips","isPartOf":{"@id":"https:\/\/invictus-travel.com\/en\/#website"},"datePublished":"2018-03-20T12:30:34+00:00","dateModified":"2025-09-17T08:26:01+00:00","breadcrumb":{"@id":"https:\/\/invictus-travel.com\/en\/get-in-touch\/#breadcrumb"},"inLanguage":"en-GB","potentialAction":[{"@type":"ReadAction","target":["https:\/\/invictus-travel.com\/en\/get-in-touch\/"]}]},{"@type":"BreadcrumbList","@id":"https:\/\/invictus-travel.com\/en\/get-in-touch\/#breadcrumb","itemListElement":[{"@type":"ListItem","position":1,"name":"Home","item":"https:\/\/invictus-travel.com\/en\/"},{"@type":"ListItem","position":2,"name":"Get in touch!"}]},{"@type":"WebSite","@id":"https:\/\/invictus-travel.com\/en\/#website","url":"https:\/\/invictus-travel.com\/en\/","name":"Invictus Corporate Travel - Incentive Trips","description":"","potentialAction":[{"@type":"SearchAction","target":{"@type":"EntryPoint","urlTemplate":"https:\/\/invictus-travel.com\/en\/?s={search_term_string}"},"query-input":{"@type":"PropertyValueSpecification","valueRequired":true,"valueName":"search_term_string"}}],"inLanguage":"en-GB"}]}},"_links":{"self":[{"href":"https:\/\/invictus-travel.com\/en\/wp-json\/wp\/v2\/pages\/1926","targetHints":{"allow":["GET"]}}],"collection":[{"href":"https:\/\/invictus-travel.com\/en\/wp-json\/wp\/v2\/pages"}],"about":[{"href":"https:\/\/invictus-travel.com\/en\/wp-json\/wp\/v2\/types\/page"}],"author":[{"embeddable":true,"href":"https:\/\/invictus-travel.com\/en\/wp-json\/wp\/v2\/users\/1"}],"replies":[{"embeddable":true,"href":"https:\/\/invictus-travel.com\/en\/wp-json\/wp\/v2\/comments?post=1926"}],"version-history":[{"count":38,"href":"https:\/\/invictus-travel.com\/en\/wp-json\/wp\/v2\/pages\/1926\/revisions"}],"predecessor-version":[{"id":4039,"href":"https:\/\/invictus-travel.com\/en\/wp-json\/wp\/v2\/pages\/1926\/revisions\/4039"}],"wp:attachment":[{"href":"https:\/\/invictus-travel.com\/en\/wp-json\/wp\/v2\/media?parent=1926"}],"curies":[{"name":"wp","href":"https:\/\/api.w.org\/{rel}","templated":true}]}}